{"id":1513,"date":"2023-11-23T18:07:35","date_gmt":"2023-11-23T18:07:35","guid":{"rendered":"https:\/\/delaube.pt\/seminario\/?page_id=1513"},"modified":"2023-12-12T23:05:32","modified_gmt":"2023-12-12T23:05:32","slug":"sample-page-2","status":"publish","type":"page","link":"https:\/\/delaube.pt\/seminario\/sample-page-2\/","title":{"rendered":"Recursos"},"content":{"rendered":"\n<p>Apresentamos uma lista de recursos que auxiliam a prepara\u00e7\u00e3o dos projetos de investiga\u00e7\u00e3o.<\/p>\n\n\n\n<p><\/p>\n\n\n\n<ul class=\"wp-block-list\">\n<li><a href=\"https:\/\/delaube.pt\/seminario\/wp-content\/uploads\/2023\/12\/Investigacao-Passo-a-Passo.pdf\">lnvestiga\u00e7\u00e3o Passo a Passo<\/a><\/li>\n\n\n\n<li><a href=\"https:\/\/delaube.pt\/seminario\/wp-content\/uploads\/2023\/12\/Tipos-de-revisao-de-literatura.pdf\">Tipos de Revis\u00e3o de Literatura<\/a><\/li>\n\n\n\n<li><a href=\"https:\/\/delaube.pt\/seminario\/wp-content\/uploads\/2023\/12\/Journal-Citation-Indicator-discussion-paper.pdf\">Journal Citation Indicator<\/a><\/li>\n<\/ul>\n","protected":false},"excerpt":{"rendered":"<p>Apresentamos uma lista de recursos que auxiliam a prepara\u00e7\u00e3o dos projetos de investiga\u00e7\u00e3o.<\/p>\n","protected":false},"author":1,"featured_media":0,"parent":0,"menu_order":0,"comment_status":"closed","ping_status":"closed","template":"","meta":{"footnotes":""},"class_list":["post-1513","page","type-page","status-publish","hentry"],"_links":{"self":[{"href":"https:\/\/delaube.pt\/seminario\/wp-json\/wp\/v2\/pages\/1513","targetHints":{"allow":["GET"]}}],"collection":[{"href":"https:\/\/delaube.pt\/seminario\/wp-json\/wp\/v2\/pages"}],"about":[{"href":"https:\/\/delaube.pt\/seminario\/wp-json\/wp\/v2\/types\/page"}],"author":[{"embeddable":true,"href":"https:\/\/delaube.pt\/seminario\/wp-json\/wp\/v2\/users\/1"}],"replies":[{"embeddable":true,"href":"https:\/\/delaube.pt\/seminario\/wp-json\/wp\/v2\/comments?post=1513"}],"version-history":[{"count":9,"href":"https:\/\/delaube.pt\/seminario\/wp-json\/wp\/v2\/pages\/1513\/revisions"}],"predecessor-version":[{"id":1537,"href":"https:\/\/delaube.pt\/seminario\/wp-json\/wp\/v2\/pages\/1513\/revisions\/1537"}],"wp:attachment":[{"href":"https:\/\/delaube.pt\/seminario\/wp-json\/wp\/v2\/media?parent=1513"}],"curies":[{"name":"wp","href":"https:\/\/api.w.org\/{rel}","templated":true}]}}