{"id":1516,"date":"2023-11-23T18:07:58","date_gmt":"2023-11-23T18:07:58","guid":{"rendered":"https:\/\/delaube.pt\/seminario\/?page_id=1516"},"modified":"2024-01-27T01:33:20","modified_gmt":"2024-01-27T01:33:20","slug":"sample-page-3","status":"publish","type":"page","link":"https:\/\/delaube.pt\/seminario\/sample-page-3\/","title":{"rendered":"Projetos e artigos"},"content":{"rendered":"\n<p>De seguida, apresentamos um s\u00e9rie de projetos e artigos cient\u00edficos desenvolvidos pelos alunos da unidade curricular de Semin\u00e1rio de Investiga\u00e7\u00e3o.<\/p>\n\n\n\n<blockquote class=\"wp-block-quote is-layout-flow wp-block-quote-is-layout-flow\">\n<p><strong><a href=\"https:\/\/delaube.pt\/seminario\/wp-content\/uploads\/2024\/01\/Alcino.pdf\">O TWITTER (X) COMO FONTE DE (DES)INFORMA\u00c7\u00c3O<\/a><\/strong><\/p>\n<cite><strong>Alcino Daniela de Pinto Dias<\/strong><br>danielpintodias@gmail.com<br>al73175<br><strong>M\u00e1rio Rodrigo Monteiro Pinto<\/strong><br>rodrigo.pinto15@gmail.com<br>al74460<br><strong>Pedro Henrique Pereira Cust\u00f3dio<\/strong><br>pedrocustodio18@hotmail.com<br>al73492<\/cite><\/blockquote>\n\n\n\n<p>&#8230;<\/p>\n\n\n\n<blockquote class=\"wp-block-quote is-layout-flow wp-block-quote-is-layout-flow\">\n<p><strong><a href=\"https:\/\/delaube.pt\/seminario\/wp-content\/uploads\/2024\/01\/O-humor-na-publicidade-Comparacao-entre-a-geracao-X-e-Z.pdf\">O HUMOR NA PUBLICIDADE: COMPARA\u00c7\u00c3O ENTRE A GERA\u00c7\u00c3O X E Z<\/a><\/strong><\/p>\n<cite>Alexandre Castanheira Garcia<\/cite><\/blockquote>\n\n\n\n<p>&#8230;<\/p>\n\n\n\n<blockquote class=\"wp-block-quote is-layout-flow wp-block-quote-is-layout-flow\">\n<p><strong><a href=\"https:\/\/delaube.pt\/seminario\/wp-content\/uploads\/2024\/01\/Beatriz-Mesquita-Artigo-Cientifico.pdf\">SALSA JEANS: OS INFLUENCIADORES ENQUANTO ESTRAT\u00c9GIA DE MARKETING DIGITAL<\/a><\/strong><\/p>\n<cite>Beatriz S\u00e1<\/cite><\/blockquote>\n\n\n\n<p>&#8230;<\/p>\n\n\n\n<blockquote class=\"wp-block-quote is-layout-flow wp-block-quote-is-layout-flow\">\n<p><strong><a href=\"https:\/\/delaube.pt\/seminario\/wp-content\/uploads\/2024\/01\/ARTIGO_BeatrizLamy_RaquelBarros.pdf\">O VISUAL MERCHANDISING EM LOJAS DE CENTROS COMERCIAIS \u2013 UM ESTUDO SOBRE O IMPACTO NO COMPORTAMENTO DE COMPRA DO CONSUMIDOR<\/a><\/strong><\/p>\n<cite>Beatriz Lamy Vaz,\u00a0blamyvaz@gmail.com\u00a0<br>Raquel Patr\u00edcia Ara\u00fajo Barros,\u00a0raquelbarros754@gmail.com<\/cite><\/blockquote>\n\n\n\n<p>&#8230;<\/p>\n\n\n\n<blockquote class=\"wp-block-quote is-layout-flow wp-block-quote-is-layout-flow\">\n<p><strong>IMPACTO DA PUBLICIDADE NO MEIO RURAL<\/strong><\/p>\n<cite>Beatriz Parada<\/cite><\/blockquote>\n\n\n\n<p>&#8230;<\/p>\n\n\n\n<blockquote class=\"wp-block-quote is-layout-flow wp-block-quote-is-layout-flow\">\n<p><strong><a href=\"https:\/\/delaube.pt\/seminario\/wp-content\/uploads\/2024\/01\/Artigo-Cientifico_CarlaCosta_MargaridaMaia-1.pdf\">A DIMENS\u00c3O EMOCIONAL DAS CAMPANHAS PUBLICIT\u00c1RIAS NO TURISMO: TU PODES, VISITA PORTUGAL\u00a0<\/a><\/strong><\/p>\n<cite>Carla Costa, carlacosta1359@gmail.com<br>Margarida Maia, margaridabarbosamaia@gmail.com<\/cite><\/blockquote>\n\n\n\n<p>&#8230;<\/p>\n\n\n\n<blockquote class=\"wp-block-quote is-layout-flow wp-block-quote-is-layout-flow\">\n<p><strong><a href=\"https:\/\/delaube.pt\/seminario\/wp-content\/uploads\/2024\/01\/Jornalismo-Regional-em-2023_Tavares-Saraiva-Leao.pdf\">A EXIST\u00caNCIA DE JORNALISMO REGIONAL EM 2023<\/a><\/strong><\/p>\n<cite><em>Daniela Tavares, In\u00eas Saraiva, Jos\u00e9 Le\u00e3o<\/em><\/cite><\/blockquote>\n\n\n\n<p>&#8230;<\/p>\n\n\n\n<blockquote class=\"wp-block-quote is-layout-flow wp-block-quote-is-layout-flow\">\n<p><strong><a href=\"https:\/\/delaube.pt\/seminario\/wp-content\/uploads\/2024\/01\/O_Impacto_do_Instagram_na_Escolha_de_um_Destino_Turistico_-Joana-Realinho-e-Mariana-Duarte.pdf\">O IMPACTO DO\u00a0<em>INSTAGRAM<\/em>\u00a0NA ESCOLHA DE UM DESTINO TUR\u00cdSTICO<\/a><\/strong><\/p>\n<cite>Joana Realinho, al73453, jruelareal.pop@gmail.com<br>Mariana Duarte, al74300, marriduarte22@gmail.com<\/cite><\/blockquote>\n\n\n\n<p>&#8230;<\/p>\n\n\n\n<blockquote class=\"wp-block-quote is-layout-flow wp-block-quote-is-layout-flow\">\n<p><strong><a href=\"https:\/\/delaube.pt\/seminario\/wp-content\/uploads\/2024\/01\/ACientifico-FranciscoLaraSara.pdf\">O EFEITO DA COMUNICA\u00c7\u00c3O INTERNA NAS EMPRESAS &#8211; O CASO DO ZEROZERO<\/a><\/strong><\/p>\n<cite>Francisco Moreira e Silva, franciscomoreiraesilva7@gmail.com Lara Margarida da Costa Ferreira, Universidade de Tr\u00e1s-os-Montes e Alto Douro, Portugal, laracostaferreira@outlook.pt <br>Sara Rodrigues Fardilhas, sarafardilhas17@gmail.com<\/cite><\/blockquote>\n\n\n\n<p>&#8230;<\/p>\n\n\n\n<blockquote class=\"wp-block-quote is-layout-flow wp-block-quote-is-layout-flow\">\n<p><a href=\"https:\/\/delaube.pt\/seminario\/wp-content\/uploads\/2024\/01\/Projeto-Final-Influencia-do-uso-das-redes-sociais.pdf\"><strong>REDES SOCIAIS. A INFLU\u00caNCIA NOS JOVENS<\/strong><\/a><\/p>\n<cite>Luzineide Almeida, 78037 <br>Marcelle Souza &#8211; 79829 <br>T\u00e1nia Cruz &#8211; 79824<\/cite><\/blockquote>\n\n\n\n<p>&#8230;<\/p>\n\n\n\n<blockquote class=\"wp-block-quote is-layout-flow wp-block-quote-is-layout-flow\">\n<p><strong><a href=\"https:\/\/delaube.pt\/seminario\/wp-content\/uploads\/2024\/01\/hawkers-AC.pdf\">AN\u00c1LISE DO MARKETING DIGITAL DA HAWKERS DO PONTO DE VISTA DOS CRIADORES DE CONTE\u00daDOS<\/a><\/strong><\/p>\n<cite>Maria Silva, al71185@alunos.utad.pt<\/cite><\/blockquote>\n\n\n\n<p>&#8230;<\/p>\n\n\n\n<blockquote class=\"wp-block-quote is-layout-flow wp-block-quote-is-layout-flow\">\n<p><strong><a href=\"https:\/\/delaube.pt\/seminario\/wp-content\/uploads\/2024\/01\/UTAD-__-CC-_-Seminario-de-Investigacao-_-A-Comunicacao-do-Poder-Politico-_-Marta-Fernandes_Al73607-artigo.pdf\">A COMUNICA\u00c7\u00c3O DO PODER POL\u00cdTICO: UM ESTUDO COMPARATIVO DOS PLANOS DE COMUNICA\u00c7\u00c3O E PROTOCOLOS APLICADO AO CASO DE PORTUGAL, ESPANHA, NEPAL, BRASIL E ESTADOS UNIDOS DA AM\u00c9RICA<\/a><\/strong><\/p>\n<cite><strong>Marta Pires Nery Freire Fernandes<\/strong><br>martafreirefernandes@gmail.com<br>al73607<\/cite><\/blockquote>\n\n\n\n<p>&#8230;<\/p>\n\n\n\n<blockquote class=\"wp-block-quote is-layout-flow wp-block-quote-is-layout-flow\">\n<p><strong><a href=\"https:\/\/delaube.pt\/seminario\/wp-content\/uploads\/2024\/01\/ARTIGO-CIENTIFICO-O-investimento-publicitario-na-imprensa-local-e-regional-_-Ana-Almeida-Filomena-Gois-e-Nuno-Teixeira.pdf\">O INVESTIMENTO PUBLICIT\u00c1RIO NA IMPRENSA LOCAL E REGIONAL<\/a><\/strong><\/p>\n<cite>Ana Margarida Almeida, anamargaridaalmeida25@gmail.com<br>Filomena Ant\u00f3nia G\u00f3is, filomenagois2001@gmail.com<br>Nuno Frederico da Silva Teixeira, nunoteixeira20023@gmail.com<\/cite><\/blockquote>\n\n\n\n<p>&#8230;<\/p>\n\n\n\n<blockquote class=\"wp-block-quote is-layout-flow wp-block-quote-is-layout-flow\">\n<p><a href=\"https:\/\/delaube.pt\/seminario\/wp-content\/uploads\/2024\/01\/A-Representacao-da-Mulher-na-Publicidade.pdf\"><strong>A REPRESENTA\u00c7\u00c3O DA MULHER NA PUBLICIDADE<\/strong>. <strong>O CASO DO PERFUME CHANEL N\u00ba5<\/strong><\/a><\/p>\n<cite>Jorge Lopes, al74152,\u00a0mimeireles6@gmail.com<br>Mariana Correia, al74106,\u00a0marianacorreia146@gmail.com<br>Rita Sousa, al80532,\u00a0rita.sousa1720@gmail.com<\/cite><\/blockquote>\n\n\n\n<p>&#8230;<\/p>\n\n\n\n<blockquote class=\"wp-block-quote is-layout-flow wp-block-quote-is-layout-flow\">\n<p><strong><a href=\"https:\/\/delaube.pt\/seminario\/wp-content\/uploads\/2024\/01\/1O-Impacto-da-Fotografia-na-Promocao-de-um-Destino-Turistico-O-Caso-de-Vila-Real.pdf\">O IMPACTO DA FOTOGRAFIA NA PROMO\u00c7\u00c3O DE UM DESTINO TUR\u00cdSTICO: O CASO DE VILA REAL<\/a><\/strong><\/p>\n<cite>Jos\u00e9 Fraga, diogofragacbt2001@gmail.com<br>Vera Carvalho, al73367@alunos.utad.pt<\/cite><\/blockquote>\n\n\n\n<p>&#8230;<\/p>\n\n\n\n<blockquote class=\"wp-block-quote is-layout-flow wp-block-quote-is-layout-flow\">\n<p><strong><a href=\"https:\/\/delaube.pt\/seminario\/wp-content\/uploads\/2024\/01\/Artigo-Cientifico-FINAL.pdf\">O IMPACTO DOS INFLUENCIADORES DIGITAIS NA DECIS\u00c3O DE COMPRA<\/a><\/strong><\/p>\n<cite>Vera Silva<\/cite><\/blockquote>\n\n\n\n<p>&#8230;<\/p>\n","protected":false},"excerpt":{"rendered":"<p>De seguida, apresentamos um s\u00e9rie de projetos e artigos cient\u00edficos desenvolvidos pelos alunos da unidade curricular de Semin\u00e1rio de Investiga\u00e7\u00e3o. O TWITTER (X) COMO FONTE DE (DES)INFORMA\u00c7\u00c3O Alcino Daniela de &#8230;<\/p>\n","protected":false},"author":1,"featured_media":0,"parent":0,"menu_order":0,"comment_status":"closed","ping_status":"closed","template":"","meta":{"footnotes":""},"class_list":["post-1516","page","type-page","status-publish","hentry"],"_links":{"self":[{"href":"https:\/\/delaube.pt\/seminario\/wp-json\/wp\/v2\/pages\/1516","targetHints":{"allow":["GET"]}}],"collection":[{"href":"https:\/\/delaube.pt\/seminario\/wp-json\/wp\/v2\/pages"}],"about":[{"href":"https:\/\/delaube.pt\/seminario\/wp-json\/wp\/v2\/types\/page"}],"author":[{"embeddable":true,"href":"https:\/\/delaube.pt\/seminario\/wp-json\/wp\/v2\/users\/1"}],"replies":[{"embeddable":true,"href":"https:\/\/delaube.pt\/seminario\/wp-json\/wp\/v2\/comments?post=1516"}],"version-history":[{"count":13,"href":"https:\/\/delaube.pt\/seminario\/wp-json\/wp\/v2\/pages\/1516\/revisions"}],"predecessor-version":[{"id":1576,"href":"https:\/\/delaube.pt\/seminario\/wp-json\/wp\/v2\/pages\/1516\/revisions\/1576"}],"wp:attachment":[{"href":"https:\/\/delaube.pt\/seminario\/wp-json\/wp\/v2\/media?parent=1516"}],"curies":[{"name":"wp","href":"https:\/\/api.w.org\/{rel}","templated":true}]}}