{"id":23,"date":"2016-02-12T08:12:49","date_gmt":"2016-02-12T08:12:49","guid":{"rendered":"http:\/\/demos.famethemes.com\/onepress\/?page_id=23"},"modified":"2023-11-22T17:01:12","modified_gmt":"2023-11-22T17:01:12","slug":"service-title-1","status":"publish","type":"page","link":"https:\/\/delaube.pt\/seminario\/service-title-1\/","title":{"rendered":"Empresas e consumos medi\u00e1ticos"},"content":{"rendered":"<ul id=\"menu-investigacao\" class=\"menu\">\n<li id=\"menu-item-279\" class=\"menu-item menu-item-type-taxonomy menu-item-object-category menu-item-279\">Ag\u00eancias de Comunica\u00e7\u00e3o<\/li>\n<li id=\"menu-item-280\" class=\"menu-item menu-item-type-taxonomy menu-item-object-category menu-item-280\">Cinema e Conte\u00fados Audiovisuais<\/li>\n<li id=\"menu-item-281\" class=\"menu-item menu-item-type-taxonomy menu-item-object-category menu-item-281\">Consumo e Literacias de Media<\/li>\n<\/ul>\n","protected":false},"excerpt":{"rendered":"<p>Morbi in sem quis dui placerat ornare. Pellentesque odio nisi euismod in pharetra a ultricies.<\/p>\n","protected":false},"author":2,"featured_media":0,"parent":0,"menu_order":0,"comment_status":"closed","ping_status":"closed","template":"","meta":{"footnotes":""},"class_list":["post-23","page","type-page","status-publish","hentry"],"_links":{"self":[{"href":"https:\/\/delaube.pt\/seminario\/wp-json\/wp\/v2\/pages\/23","targetHints":{"allow":["GET"]}}],"collection":[{"href":"https:\/\/delaube.pt\/seminario\/wp-json\/wp\/v2\/pages"}],"about":[{"href":"https:\/\/delaube.pt\/seminario\/wp-json\/wp\/v2\/types\/page"}],"author":[{"embeddable":true,"href":"https:\/\/delaube.pt\/seminario\/wp-json\/wp\/v2\/users\/2"}],"replies":[{"embeddable":true,"href":"https:\/\/delaube.pt\/seminario\/wp-json\/wp\/v2\/comments?post=23"}],"version-history":[{"count":1,"href":"https:\/\/delaube.pt\/seminario\/wp-json\/wp\/v2\/pages\/23\/revisions"}],"predecessor-version":[{"id":1504,"href":"https:\/\/delaube.pt\/seminario\/wp-json\/wp\/v2\/pages\/23\/revisions\/1504"}],"wp:attachment":[{"href":"https:\/\/delaube.pt\/seminario\/wp-json\/wp\/v2\/media?parent=23"}],"curies":[{"name":"wp","href":"https:\/\/api.w.org\/{rel}","templated":true}]}}